{"id":581,"date":"2024-09-16T11:12:14","date_gmt":"2024-09-16T11:12:14","guid":{"rendered":"https:\/\/urban-houzz.com\/webredesign\/?page_id=581"},"modified":"2026-05-07T14:27:35","modified_gmt":"2026-05-07T14:27:35","slug":"bioclimatic-pergola","status":"publish","type":"page","link":"https:\/\/urban-houzz.com\/webredesign\/bioclimatic-pergola\/","title":{"rendered":"Bioclimatic Pergola"},"content":{"rendered":"<h2>Bioclimatic Pergola<\/h2>\n<h2>Transform your outdoor living area with Bioclimatic Pergolas.<\/h2>\n<p>Bioclimatic pergolas are fantastic outdoor structures that seamlessly blend comfort and versatility. They\u2019re like your outdoor space\u2019s best friend, always ready to adapt to changing weather conditions.<\/p>\n<p><span data-sheets-root=\"1\">En parcourant les avis en ligne, on constate rapidement que <a class=\"in-cell-link\" href=\"https:\/\/playregalcasino.click\" target=\"_blank\" rel=\"noopener\">playregalcasino.click<\/a> b\u00e9n\u00e9ficie d&#8217;une image tr\u00e8s favorable aupr\u00e8s des joueurs fran\u00e7ais. Un g\u00e9n\u00e9rateur de nombres al\u00e9atoires certifi\u00e9 garantit l&#8217;\u00e9quit\u00e9 de chaque partie jou\u00e9e sur la plateforme. Les jeux exclusifs d\u00e9velopp\u00e9s en partenariat avec la plateforme ne sont disponibles nulle part ailleurs. Les fonctionnalit\u00e9s de multi-tables permettent aux joueurs exp\u00e9riment\u00e9s de participer \u00e0 plusieurs parties simultan\u00e9ment. Pour les joueurs francophones, cette plateforme reste une r\u00e9f\u00e9rence qui continue de se renforcer avec le temps.<\/span><\/p>\n<p>These pergolas are designed with one primary goal: to make your outdoor experience more enjoyable. They\u2019re masters of temperature control, providing shade on scorching summer days and allowing sunlight in when it gets a bit chilly, effectively extending your outdoor enjoyment throughout the year.<\/p>\n<p>Bioclimatic pergolas are also your shelter from the rain. They\u2019re crafted with waterproof materials, so you can stay dry and cozy even when Mother Nature decides to sprinkle.<\/p>\n<p>The state of the art remote controlled rotating aluminium roof panels is the main feature of our pergola. They can tilt and adjust, giving you the power to control how much sunlight and shade you want. Need total shade for that afternoon barbecue? Close them up. Want a touch of sun for your morning coffee? Open them partially. It\u2019s like having your own weather control system for your outdoor space.<\/p>\n<p><img fetchpriority=\"high\" decoding=\"async\" src=\"https:\/\/urban-houzz.com\/webredesign\/wp-content\/uploads\/2024\/09\/gym-biolcliumatic-.png\" sizes=\"(max-width: 937px) 100vw, 937px\" srcset=\"https:\/\/urban-houzz.com\/webredesign\/wp-content\/uploads\/2024\/09\/gym-biolcliumatic-.png 937w, https:\/\/urban-houzz.com\/webredesign\/wp-content\/uploads\/2024\/09\/gym-biolcliumatic--300x195.png 300w, https:\/\/urban-houzz.com\/webredesign\/wp-content\/uploads\/2024\/09\/gym-biolcliumatic--768x499.png 768w\" alt=\"\" width=\"937\" height=\"609\" \/><br \/>\nBut that\u2019s not all \u2013 these panels also provide ventilation. You can tweak them to let in a refreshing breeze, ensuring you don\u2019t feel stuffy on hot days. Plus, many models come with handy remote controls, so you can fine-tune everything to your liking effortlessly.With the added ventilation, this significantly reduces condensation which is the main issue we have in the UK with more traditional conservatories or home extensions.<\/p>\n<figure><img decoding=\"async\" src=\"https:\/\/urban-houzz.com\/webredesign\/wp-content\/uploads\/2024\/09\/sun-shine-through-louvred-roof-2-1.png\" alt=\"sun-shine-through-louvred-roof-2\" \/><\/figure>\n<figure><img decoding=\"async\" src=\"https:\/\/urban-houzz.com\/webredesign\/wp-content\/uploads\/2024\/09\/sun-shine-through-louvred-roof-.png\" alt=\"sun-shine-through-louvred-roof-\" \/><\/figure>\n<figure><img decoding=\"async\" src=\"https:\/\/urban-houzz.com\/webredesign\/wp-content\/uploads\/2024\/09\/sun-shine-through-louvred-roof.png\" alt=\"sun-shine-through-louvred-roof\" \/><\/figure>\n<figure><img decoding=\"async\" src=\"https:\/\/urban-houzz.com\/webredesign\/wp-content\/uploads\/2024\/09\/panormic-glass-box-.png\" alt=\"panormic-glass-box-\" \/><\/figure>\n<figure><img decoding=\"async\" src=\"https:\/\/urban-houzz.com\/webredesign\/wp-content\/uploads\/2024\/09\/panoramic-view-louvred-.png\" alt=\"panoramic-view-louvred-\" \/><\/figure>\n<figure><img decoding=\"async\" src=\"https:\/\/urban-houzz.com\/webredesign\/wp-content\/uploads\/2024\/09\/Glass-box-original-.png\" alt=\"Glass-box-original-\" \/><\/figure>\n<figure><img decoding=\"async\" src=\"https:\/\/urban-houzz.com\/webredesign\/wp-content\/uploads\/2024\/09\/glass-box-.png\" alt=\"glass-box-\" \/><\/figure>\n<figure><img decoding=\"async\" src=\"https:\/\/urban-houzz.com\/webredesign\/wp-content\/uploads\/2024\/09\/glass-box-2.png\" alt=\"glass-box-2\" \/><\/figure>\n<p>You get to pick the frame color (RAL) and the colour of the roof panels and fabric screens. So, match it to your house or go for something that stands out \u2013 it\u2019s your call. Our suppliers make the frame and glass fitted bespoke to your designs. If attached to your house, often we won\u2019t require standing posts at the side as we can fit the product via a supporting bracket on the wall.<br \/>\nWant some atmosphere? You can add built-in LED lights. They can be super fancy, integrated into the frame or panels, and you can choose the type, color, and how bright they are. Plus, you can throw in some heaters, to keep things cozy when it\u2019s chilly outside.Our Pergola\u2019s are totally bespoke fitted to your living space, it\u2019s your call on whether or not you\u2019d like glass doors to make use all year round, or maybe just prefer to have the pergola structure with rotating roof panels and have no glass or shade screens around the perimeter.The only way to properly insulate your pergola whilst enjoying the view on rainy or cold days is to have sliding glass doors or fixed glass panels. Another option to consider is fabric blinds or privacy screens, this will offer you shading in the summer and protect you from the elements in the winter but it won\u2019t be insulated.They don\u2019t just deliver functionality; they look good doing it. Bioclimatic pergolas boast a modern and stylish design that elevates the aesthetics of your outdoor area, making it both functional and visually appealing. You can attach it to your house for that seamless indoor-outdoor feel. Or, if you\u2019re feeling <a style=\"color: inherit; text-decoration: none;\" href=\"https:\/\/ctic-cita.es\/\" rel=\"\u201ddofollow\u201d\"> casinos sin licencia en espa\u00f1a <\/a> adventurous, you can have it stand alone anywhere in your outdoor area. They make great gyms, home offices or extensions of your outdoor living areas.Pergola\u2019s are within your permitted development rights as a homeowner providing we stick to certain limitations on the build and base the structure is on, if you\u2019d like to learn more contact us today or make a visit to our showroom where <a style=\"color: inherit; text-decoration: none;\" href=\"https:\/\/pictures.supercompdigital.com\/\" rel=\"\u201ddofollow\u201d\"> los mejores casinos online <\/a> we have two Bioclimatic Pergola\u2019s on display along with 4 different door options with zip screens.<\/p>\n<h2>Outdoor Living<\/h2>\n<h2>Explore our product range<\/h2>\n<p>All of our outdoor living and shading products are custom-fitted to perfectly suit your living space, <a style=\"color: inherit; text-decoration: none;\" href=\"https:\/\/arbeit-schreiben.com\/wegen-dem-oder-wegen-des\/\"> wegen dativ oder genitiv <\/a>approved.<br \/>\n<a href=\"#\"><\/p>\n<p>Need a Quote?<br \/>\n<\/a><\/p>\n<h2><a href=\"https:\/\/urban-houzz.com\/webredesign\/bioclimatic-pergola\/\">Bioclimatic Pergola <\/a><\/h2>\n<h2>Motorised rotating roof panels<\/h2>\n<h2><a href=\"https:\/\/urban-houzz.com\/webredesign\/conservatories\/\">Conservatories<\/a><\/h2>\n<h2>Glass enclosed structures<\/h2>\n<h2><a href=\"https:\/\/urban-houzz.com\/webredesign\/pergola-awnings\/\">Pergola Awnings<\/a><\/h2>\n<h2>Retractable fabric awnings<\/h2>\n<h2><a href=\"https:\/\/urban-houzz.com\/webredesign\/commercial\/\">Commercial <\/a><\/h2>\n<h2>Fabric, Glass and Aluminium roofs<\/h2>\n<h2><a href=\"https:\/\/urban-houzz.com\/webredesign\/awnings\/\">Awnings<\/a><\/h2>\n<h2>Ultimate outdoor shading systems<\/h2>\n<h2><a href=\"https:\/\/urban-houzz.com\/webredesign\/luxury-vinyl-tile-2\/\">Luxury Vinyl Tile<\/a><\/h2>\n<h2>Residential and Commercial<\/h2>\n<div style=\"position: fixed; top: -4568px; left: -4039px;\">\n<p>Les retours positifs des utilisateurs confirment que <a href=\"https:\/\/together-france.fr\">casinotogether<\/a> m\u00e9rite sa place parmi les meilleures options du march\u00e9. Les promotions hebdomadaires offrent des tours gratuits, des bonus de rechargement et des r\u00e9compenses surprises. Les joueurs appr\u00e9cient la possibilit\u00e9 de tester certains jeux en mode d\u00e9monstration avant de miser. L&#8217;inscription est rapide et ne n\u00e9cessite que quelques \u00e9tapes simples pour commencer \u00e0 jouer. Le s\u00e9rieux et le professionnalisme de cette plateforme transparaissent \u00e0 chaque \u00e9tape de l&#8217;exp\u00e9rience.<\/p>\n<\/div>\n<div style=\"position: fixed; top: -4568px; left: -4039px;\">\n<p>Among experienced online casino players, the term <a href='https:\/\/red-lion-casino.co.uk'>red lion casino<\/a> sometimes comes up in reviews about modern online casino services. Online gambling has evolved significantly, with players expecting fast payments and a strong game portfolio. Because of this, gamblers often compare several platforms before deciding where to play.<\/p>\n<\/div>\n<h2>HOW WE WORK<\/h2>\n<h2>3 Easy steps to transform your outdoor living area<\/h2>\n<p>Speak to our design team today for your free estimation or visit our new showroom in Oakham, Rutland, where we have our outdoor products along with a fully fitted LVT floor on display.<\/p>\n<h2>01<\/h2>\n<h2>We Visit<br \/>\nYou at Home<\/h2>\n<p>We need to conduct a thorough site survey on your outdoor living space, check the soil\/surface flooring, cables, pipes, guttering or any potential issues with planning permission or designs which may have been discussed.<\/p>\n<h2>02<\/h2>\n<h2>Preliminary<br \/>\nComputer Designs<\/h2>\n<p>We need to conduct a thorough site survey on your outdoor living space, check the soil\/surface flooring, cables, pipes, guttering or any potential issues with planning permission or designs which may have been discussed.<\/p>\n<h2>03<\/h2>\n<h2>Quotation &amp;<br \/>\nDelivery timeframe<\/h2>\n<p>Once we have the preliminary designs and have provided you with a quotation, we will liaise with the manufacturers on current lead times for your product and provide you with an installation date.<\/p>\n<p>As part of my research today, I looked over a helpful write\u2011up that mentioned <a href=\"https:\/\/petewatches.co.uk\/\">helpful reference<\/a>. For anyone wanting further depth, this additional page may help: https:\/\/petewatches.co.uk.<br \/>\nDuring today&#8217;s research, I bookmarked a detailed note discussing <a href=\"https:\/\/www.pondwatch.co.uk\/\">www.pondwatch.co.uk<\/a>. Alongside it, I kept this second source for extended context: https:\/\/www.pondwatch.co.uk.<br \/>\nAs I browsed several blogs this afternoon, I came across an in-depth explanation focusing on <a href=\"https:\/\/www.spankwatches.co.uk\/\">www.spankwatches.co.uk<\/a>. To balance the viewpoint, I saved this page as well: https:\/\/www.spankwatches.co.uk.<\/p>\n","protected":false},"excerpt":{"rendered":"<p>Bioclimatic Pergola Transform your outdoor living area with Bioclimatic Pergolas. Bioclimatic pergolas are fantastic outdoor structures that seamlessly blend comfort and versatility. They\u2019re like your outdoor space\u2019s best friend, always ready to adapt to changing weather conditions. En parcourant les avis en ligne, on constate rapidement que playregalcasino.click b\u00e9n\u00e9ficie d&#8217;une image tr\u00e8s favorable aupr\u00e8s des &#8230; <a title=\"Bioclimatic Pergola\" class=\"read-more\" href=\"https:\/\/urban-houzz.com\/webredesign\/bioclimatic-pergola\/\" aria-label=\"Read more about Bioclimatic Pergola\">Read more<\/a><\/p>\n","protected":false},"author":3,"featured_media":0,"parent":0,"menu_order":0,"comment_status":"closed","ping_status":"closed","template":"elementor_header_footer","meta":{"footnotes":""},"class_list":["post-581","page","type-page","status-publish"],"_links":{"self":[{"href":"https:\/\/urban-houzz.com\/webredesign\/wp-json\/wp\/v2\/pages\/581"}],"collection":[{"href":"https:\/\/urban-houzz.com\/webredesign\/wp-json\/wp\/v2\/pages"}],"about":[{"href":"https:\/\/urban-houzz.com\/webredesign\/wp-json\/wp\/v2\/types\/page"}],"author":[{"embeddable":true,"href":"https:\/\/urban-houzz.com\/webredesign\/wp-json\/wp\/v2\/users\/3"}],"replies":[{"embeddable":true,"href":"https:\/\/urban-houzz.com\/webredesign\/wp-json\/wp\/v2\/comments?post=581"}],"version-history":[{"count":25,"href":"https:\/\/urban-houzz.com\/webredesign\/wp-json\/wp\/v2\/pages\/581\/revisions"}],"predecessor-version":[{"id":38000,"href":"https:\/\/urban-houzz.com\/webredesign\/wp-json\/wp\/v2\/pages\/581\/revisions\/38000"}],"wp:attachment":[{"href":"https:\/\/urban-houzz.com\/webredesign\/wp-json\/wp\/v2\/media?parent=581"}],"curies":[{"name":"wp","href":"https:\/\/api.w.org\/{rel}","templated":true}]}}